{"id":2431,"date":"2023-09-14T14:11:15","date_gmt":"2023-09-14T12:11:15","guid":{"rendered":"https:\/\/fitex.gbsweb.online\/azienda\/"},"modified":"2024-02-13T09:12:28","modified_gmt":"2024-02-13T08:12:28","slug":"agencia","status":"publish","type":"page","link":"https:\/\/www.fitex.it\/es\/agencia\/","title":{"rendered":"Agencia"},"content":{"rendered":"","protected":false},"excerpt":{"rendered":"","protected":false},"author":2,"featured_media":3322,"parent":0,"menu_order":0,"comment_status":"closed","ping_status":"closed","template":"azienda.php","meta":{"_acf_changed":false,"inline_featured_image":false,"footnotes":""},"class_list":["post-2431","page","type-page","status-publish","has-post-thumbnail","hentry"],"acf":[],"yoast_head":"<!-- This site is optimized with the Yoast SEO Premium plugin v26.7 (Yoast SEO v27.2) - https:\/\/yoast.com\/product\/yoast-seo-premium-wordpress\/ -->\n<title>Agencia - Fitex<\/title>\n<meta name=\"description\" content=\"Productos de alta calidad en el sector de la costura industrial, nuestro personal est\u00e1 a su disposici\u00f3n para cualquier informaci\u00f3n llame al 02 95363472\" \/>\n<meta name=\"robots\" content=\"index, follow, max-snippet:-1, max-image-preview:large, max-video-preview:-1\" \/>\n<link rel=\"canonical\" href=\"https:\/\/www.fitex.it\/es\/agencia\/\" \/>\n<meta property=\"og:locale\" content=\"es_ES\" \/>\n<meta property=\"og:type\" content=\"article\" \/>\n<meta property=\"og:title\" content=\"Agencia\" \/>\n<meta property=\"og:description\" content=\"Productos de alta calidad en el sector de la costura industrial, nuestro personal est\u00e1 a su disposici\u00f3n para cualquier informaci\u00f3n llame al 02 95363472\" \/>\n<meta property=\"og:url\" content=\"https:\/\/www.fitex.it\/es\/agencia\/\" \/>\n<meta property=\"og:site_name\" content=\"Fitex\" \/>\n<meta property=\"article:modified_time\" content=\"2024-02-13T08:12:28+00:00\" \/>\n<meta property=\"og:image\" content=\"https:\/\/www.fitex.it\/wp-content\/uploads\/2023\/11\/fitex-about.jpg\" \/>\n\t<meta property=\"og:image:width\" content=\"1000\" \/>\n\t<meta property=\"og:image:height\" content=\"864\" \/>\n\t<meta property=\"og:image:type\" content=\"image\/jpeg\" \/>\n<meta name=\"twitter:card\" content=\"summary_large_image\" \/>\n<script type=\"application\/ld+json\" class=\"yoast-schema-graph\">{\"@context\":\"https:\/\/schema.org\",\"@graph\":[{\"@type\":\"WebPage\",\"@id\":\"https:\/\/www.fitex.it\/es\/agencia\/\",\"url\":\"https:\/\/www.fitex.it\/es\/agencia\/\",\"name\":\"Agencia - Fitex\",\"isPartOf\":{\"@id\":\"https:\/\/www.fitex.it\/es\/#website\"},\"primaryImageOfPage\":{\"@id\":\"https:\/\/www.fitex.it\/es\/agencia\/#primaryimage\"},\"image\":{\"@id\":\"https:\/\/www.fitex.it\/es\/agencia\/#primaryimage\"},\"thumbnailUrl\":\"https:\/\/www.fitex.it\/wp-content\/uploads\/2023\/11\/fitex-about.jpg\",\"datePublished\":\"2023-09-14T12:11:15+00:00\",\"dateModified\":\"2024-02-13T08:12:28+00:00\",\"description\":\"Productos de alta calidad en el sector de la costura industrial, nuestro personal est\u00e1 a su disposici\u00f3n para cualquier informaci\u00f3n llame al 02 95363472\",\"breadcrumb\":{\"@id\":\"https:\/\/www.fitex.it\/es\/agencia\/#breadcrumb\"},\"inLanguage\":\"es\",\"potentialAction\":[{\"@type\":\"ReadAction\",\"target\":[\"https:\/\/www.fitex.it\/es\/agencia\/\"]}]},{\"@type\":\"ImageObject\",\"inLanguage\":\"es\",\"@id\":\"https:\/\/www.fitex.it\/es\/agencia\/#primaryimage\",\"url\":\"https:\/\/www.fitex.it\/wp-content\/uploads\/2023\/11\/fitex-about.jpg\",\"contentUrl\":\"https:\/\/www.fitex.it\/wp-content\/uploads\/2023\/11\/fitex-about.jpg\",\"width\":1000,\"height\":864},{\"@type\":\"BreadcrumbList\",\"@id\":\"https:\/\/www.fitex.it\/es\/agencia\/#breadcrumb\",\"itemListElement\":[{\"@type\":\"ListItem\",\"position\":1,\"name\":\"Home\",\"item\":\"https:\/\/www.fitex.it\/es\/\"},{\"@type\":\"ListItem\",\"position\":2,\"name\":\"Agencia\"}]},{\"@type\":\"WebSite\",\"@id\":\"https:\/\/www.fitex.it\/es\/#website\",\"url\":\"https:\/\/www.fitex.it\/es\/\",\"name\":\"Fitex\",\"description\":\"\",\"publisher\":{\"@id\":\"https:\/\/www.fitex.it\/es\/#organization\"},\"potentialAction\":[{\"@type\":\"SearchAction\",\"target\":{\"@type\":\"EntryPoint\",\"urlTemplate\":\"https:\/\/www.fitex.it\/es\/?s={search_term_string}\"},\"query-input\":{\"@type\":\"PropertyValueSpecification\",\"valueRequired\":true,\"valueName\":\"search_term_string\"}}],\"inLanguage\":\"es\"},{\"@type\":\"Organization\",\"@id\":\"https:\/\/www.fitex.it\/es\/#organization\",\"name\":\"Fitex\",\"url\":\"https:\/\/www.fitex.it\/es\/\",\"logo\":{\"@type\":\"ImageObject\",\"inLanguage\":\"es\",\"@id\":\"https:\/\/www.fitex.it\/es\/#\/schema\/logo\/image\/\",\"url\":\"https:\/\/fitex.it\/wp-content\/uploads\/2024\/07\/1646217215890_FITEX-20HD-20LOGO-1-scaled.jpg\",\"contentUrl\":\"https:\/\/fitex.it\/wp-content\/uploads\/2024\/07\/1646217215890_FITEX-20HD-20LOGO-1-scaled.jpg\",\"width\":2560,\"height\":723,\"caption\":\"Fitex\"},\"image\":{\"@id\":\"https:\/\/www.fitex.it\/es\/#\/schema\/logo\/image\/\"}}]}<\/script>\n<!-- \/ Yoast SEO Premium plugin. -->","yoast_head_json":{"title":"Agencia - Fitex","description":"Productos de alta calidad en el sector de la costura industrial, nuestro personal est\u00e1 a su disposici\u00f3n para cualquier informaci\u00f3n llame al 02 95363472","robots":{"index":"index","follow":"follow","max-snippet":"max-snippet:-1","max-image-preview":"max-image-preview:large","max-video-preview":"max-video-preview:-1"},"canonical":"https:\/\/www.fitex.it\/es\/agencia\/","og_locale":"es_ES","og_type":"article","og_title":"Agencia","og_description":"Productos de alta calidad en el sector de la costura industrial, nuestro personal est\u00e1 a su disposici\u00f3n para cualquier informaci\u00f3n llame al 02 95363472","og_url":"https:\/\/www.fitex.it\/es\/agencia\/","og_site_name":"Fitex","article_modified_time":"2024-02-13T08:12:28+00:00","og_image":[{"width":1000,"height":864,"url":"https:\/\/www.fitex.it\/wp-content\/uploads\/2023\/11\/fitex-about.jpg","type":"image\/jpeg"}],"twitter_card":"summary_large_image","schema":{"@context":"https:\/\/schema.org","@graph":[{"@type":"WebPage","@id":"https:\/\/www.fitex.it\/es\/agencia\/","url":"https:\/\/www.fitex.it\/es\/agencia\/","name":"Agencia - Fitex","isPartOf":{"@id":"https:\/\/www.fitex.it\/es\/#website"},"primaryImageOfPage":{"@id":"https:\/\/www.fitex.it\/es\/agencia\/#primaryimage"},"image":{"@id":"https:\/\/www.fitex.it\/es\/agencia\/#primaryimage"},"thumbnailUrl":"https:\/\/www.fitex.it\/wp-content\/uploads\/2023\/11\/fitex-about.jpg","datePublished":"2023-09-14T12:11:15+00:00","dateModified":"2024-02-13T08:12:28+00:00","description":"Productos de alta calidad en el sector de la costura industrial, nuestro personal est\u00e1 a su disposici\u00f3n para cualquier informaci\u00f3n llame al 02 95363472","breadcrumb":{"@id":"https:\/\/www.fitex.it\/es\/agencia\/#breadcrumb"},"inLanguage":"es","potentialAction":[{"@type":"ReadAction","target":["https:\/\/www.fitex.it\/es\/agencia\/"]}]},{"@type":"ImageObject","inLanguage":"es","@id":"https:\/\/www.fitex.it\/es\/agencia\/#primaryimage","url":"https:\/\/www.fitex.it\/wp-content\/uploads\/2023\/11\/fitex-about.jpg","contentUrl":"https:\/\/www.fitex.it\/wp-content\/uploads\/2023\/11\/fitex-about.jpg","width":1000,"height":864},{"@type":"BreadcrumbList","@id":"https:\/\/www.fitex.it\/es\/agencia\/#breadcrumb","itemListElement":[{"@type":"ListItem","position":1,"name":"Home","item":"https:\/\/www.fitex.it\/es\/"},{"@type":"ListItem","position":2,"name":"Agencia"}]},{"@type":"WebSite","@id":"https:\/\/www.fitex.it\/es\/#website","url":"https:\/\/www.fitex.it\/es\/","name":"Fitex","description":"","publisher":{"@id":"https:\/\/www.fitex.it\/es\/#organization"},"potentialAction":[{"@type":"SearchAction","target":{"@type":"EntryPoint","urlTemplate":"https:\/\/www.fitex.it\/es\/?s={search_term_string}"},"query-input":{"@type":"PropertyValueSpecification","valueRequired":true,"valueName":"search_term_string"}}],"inLanguage":"es"},{"@type":"Organization","@id":"https:\/\/www.fitex.it\/es\/#organization","name":"Fitex","url":"https:\/\/www.fitex.it\/es\/","logo":{"@type":"ImageObject","inLanguage":"es","@id":"https:\/\/www.fitex.it\/es\/#\/schema\/logo\/image\/","url":"https:\/\/fitex.it\/wp-content\/uploads\/2024\/07\/1646217215890_FITEX-20HD-20LOGO-1-scaled.jpg","contentUrl":"https:\/\/fitex.it\/wp-content\/uploads\/2024\/07\/1646217215890_FITEX-20HD-20LOGO-1-scaled.jpg","width":2560,"height":723,"caption":"Fitex"},"image":{"@id":"https:\/\/www.fitex.it\/es\/#\/schema\/logo\/image\/"}}]}},"_links":{"self":[{"href":"https:\/\/www.fitex.it\/es\/wp-json\/wp\/v2\/pages\/2431","targetHints":{"allow":["GET"]}}],"collection":[{"href":"https:\/\/www.fitex.it\/es\/wp-json\/wp\/v2\/pages"}],"about":[{"href":"https:\/\/www.fitex.it\/es\/wp-json\/wp\/v2\/types\/page"}],"author":[{"embeddable":true,"href":"https:\/\/www.fitex.it\/es\/wp-json\/wp\/v2\/users\/2"}],"replies":[{"embeddable":true,"href":"https:\/\/www.fitex.it\/es\/wp-json\/wp\/v2\/comments?post=2431"}],"version-history":[{"count":3,"href":"https:\/\/www.fitex.it\/es\/wp-json\/wp\/v2\/pages\/2431\/revisions"}],"predecessor-version":[{"id":3589,"href":"https:\/\/www.fitex.it\/es\/wp-json\/wp\/v2\/pages\/2431\/revisions\/3589"}],"wp:featuredmedia":[{"embeddable":true,"href":"https:\/\/www.fitex.it\/es\/wp-json\/wp\/v2\/media\/3322"}],"wp:attachment":[{"href":"https:\/\/www.fitex.it\/es\/wp-json\/wp\/v2\/media?parent=2431"}],"curies":[{"name":"wp","href":"https:\/\/api.w.org\/{rel}","templated":true}]}}