{"id":2543,"date":"2023-09-15T09:17:03","date_gmt":"2023-09-15T07:17:03","guid":{"rendered":"https:\/\/fitex.gbsweb.online\/macchine-per-stirare-battistella\/"},"modified":"2024-02-13T09:37:24","modified_gmt":"2024-02-13T08:37:24","slug":"maquinas-profesionales-para-planchar","status":"publish","type":"page","link":"https:\/\/www.fitex.it\/es\/maquinas-profesionales-para-planchar\/","title":{"rendered":"Planchar"},"content":{"rendered":"","protected":false},"excerpt":{"rendered":"","protected":false},"author":2,"featured_media":0,"parent":0,"menu_order":0,"comment_status":"closed","ping_status":"closed","template":"ricambi-e-accessori.php","meta":{"_acf_changed":false,"inline_featured_image":false,"footnotes":""},"class_list":["post-2543","page","type-page","status-publish","hentry"],"acf":[],"yoast_head":"<!-- This site is optimized with the Yoast SEO Premium plugin v26.7 (Yoast SEO v27.2) - https:\/\/yoast.com\/product\/yoast-seo-premium-wordpress\/ -->\n<title>Planchar - Fitex<\/title>\n<meta name=\"description\" content=\"Toda la calidad de las m\u00e1quinas profesionales Battistella; Si est\u00e1s buscando una planchadora industrial, echa un vistazo a nuestra p\u00e1gina.\" \/>\n<meta name=\"robots\" content=\"index, follow, max-snippet:-1, max-image-preview:large, max-video-preview:-1\" \/>\n<link rel=\"canonical\" href=\"https:\/\/www.fitex.it\/es\/maquinas-profesionales-para-planchar\/\" \/>\n<meta property=\"og:locale\" content=\"es_ES\" \/>\n<meta property=\"og:type\" content=\"article\" \/>\n<meta property=\"og:title\" content=\"Planchar\" \/>\n<meta property=\"og:description\" content=\"Toda la calidad de las m\u00e1quinas profesionales Battistella; Si est\u00e1s buscando una planchadora industrial, echa un vistazo a nuestra p\u00e1gina.\" \/>\n<meta property=\"og:url\" content=\"https:\/\/www.fitex.it\/es\/maquinas-profesionales-para-planchar\/\" \/>\n<meta property=\"og:site_name\" content=\"Fitex\" \/>\n<meta property=\"article:modified_time\" content=\"2024-02-13T08:37:24+00:00\" \/>\n<meta name=\"twitter:card\" content=\"summary_large_image\" \/>\n<script type=\"application\/ld+json\" class=\"yoast-schema-graph\">{\"@context\":\"https:\/\/schema.org\",\"@graph\":[{\"@type\":\"WebPage\",\"@id\":\"https:\/\/www.fitex.it\/es\/maquinas-profesionales-para-planchar\/\",\"url\":\"https:\/\/www.fitex.it\/es\/maquinas-profesionales-para-planchar\/\",\"name\":\"Planchar - Fitex\",\"isPartOf\":{\"@id\":\"https:\/\/www.fitex.it\/es\/#website\"},\"datePublished\":\"2023-09-15T07:17:03+00:00\",\"dateModified\":\"2024-02-13T08:37:24+00:00\",\"description\":\"Toda la calidad de las m\u00e1quinas profesionales Battistella; Si est\u00e1s buscando una planchadora industrial, echa un vistazo a nuestra p\u00e1gina.\",\"breadcrumb\":{\"@id\":\"https:\/\/www.fitex.it\/es\/maquinas-profesionales-para-planchar\/#breadcrumb\"},\"inLanguage\":\"es\",\"potentialAction\":[{\"@type\":\"ReadAction\",\"target\":[\"https:\/\/www.fitex.it\/es\/maquinas-profesionales-para-planchar\/\"]}]},{\"@type\":\"BreadcrumbList\",\"@id\":\"https:\/\/www.fitex.it\/es\/maquinas-profesionales-para-planchar\/#breadcrumb\",\"itemListElement\":[{\"@type\":\"ListItem\",\"position\":1,\"name\":\"Home\",\"item\":\"https:\/\/www.fitex.it\/es\/\"},{\"@type\":\"ListItem\",\"position\":2,\"name\":\"Planchar\"}]},{\"@type\":\"WebSite\",\"@id\":\"https:\/\/www.fitex.it\/es\/#website\",\"url\":\"https:\/\/www.fitex.it\/es\/\",\"name\":\"Fitex\",\"description\":\"\",\"publisher\":{\"@id\":\"https:\/\/www.fitex.it\/es\/#organization\"},\"potentialAction\":[{\"@type\":\"SearchAction\",\"target\":{\"@type\":\"EntryPoint\",\"urlTemplate\":\"https:\/\/www.fitex.it\/es\/?s={search_term_string}\"},\"query-input\":{\"@type\":\"PropertyValueSpecification\",\"valueRequired\":true,\"valueName\":\"search_term_string\"}}],\"inLanguage\":\"es\"},{\"@type\":\"Organization\",\"@id\":\"https:\/\/www.fitex.it\/es\/#organization\",\"name\":\"Fitex\",\"url\":\"https:\/\/www.fitex.it\/es\/\",\"logo\":{\"@type\":\"ImageObject\",\"inLanguage\":\"es\",\"@id\":\"https:\/\/www.fitex.it\/es\/#\/schema\/logo\/image\/\",\"url\":\"https:\/\/fitex.it\/wp-content\/uploads\/2024\/07\/1646217215890_FITEX-20HD-20LOGO-1-scaled.jpg\",\"contentUrl\":\"https:\/\/fitex.it\/wp-content\/uploads\/2024\/07\/1646217215890_FITEX-20HD-20LOGO-1-scaled.jpg\",\"width\":2560,\"height\":723,\"caption\":\"Fitex\"},\"image\":{\"@id\":\"https:\/\/www.fitex.it\/es\/#\/schema\/logo\/image\/\"}}]}<\/script>\n<!-- \/ Yoast SEO Premium plugin. -->","yoast_head_json":{"title":"Planchar - Fitex","description":"Toda la calidad de las m\u00e1quinas profesionales Battistella; Si est\u00e1s buscando una planchadora industrial, echa un vistazo a nuestra p\u00e1gina.","robots":{"index":"index","follow":"follow","max-snippet":"max-snippet:-1","max-image-preview":"max-image-preview:large","max-video-preview":"max-video-preview:-1"},"canonical":"https:\/\/www.fitex.it\/es\/maquinas-profesionales-para-planchar\/","og_locale":"es_ES","og_type":"article","og_title":"Planchar","og_description":"Toda la calidad de las m\u00e1quinas profesionales Battistella; Si est\u00e1s buscando una planchadora industrial, echa un vistazo a nuestra p\u00e1gina.","og_url":"https:\/\/www.fitex.it\/es\/maquinas-profesionales-para-planchar\/","og_site_name":"Fitex","article_modified_time":"2024-02-13T08:37:24+00:00","twitter_card":"summary_large_image","schema":{"@context":"https:\/\/schema.org","@graph":[{"@type":"WebPage","@id":"https:\/\/www.fitex.it\/es\/maquinas-profesionales-para-planchar\/","url":"https:\/\/www.fitex.it\/es\/maquinas-profesionales-para-planchar\/","name":"Planchar - Fitex","isPartOf":{"@id":"https:\/\/www.fitex.it\/es\/#website"},"datePublished":"2023-09-15T07:17:03+00:00","dateModified":"2024-02-13T08:37:24+00:00","description":"Toda la calidad de las m\u00e1quinas profesionales Battistella; Si est\u00e1s buscando una planchadora industrial, echa un vistazo a nuestra p\u00e1gina.","breadcrumb":{"@id":"https:\/\/www.fitex.it\/es\/maquinas-profesionales-para-planchar\/#breadcrumb"},"inLanguage":"es","potentialAction":[{"@type":"ReadAction","target":["https:\/\/www.fitex.it\/es\/maquinas-profesionales-para-planchar\/"]}]},{"@type":"BreadcrumbList","@id":"https:\/\/www.fitex.it\/es\/maquinas-profesionales-para-planchar\/#breadcrumb","itemListElement":[{"@type":"ListItem","position":1,"name":"Home","item":"https:\/\/www.fitex.it\/es\/"},{"@type":"ListItem","position":2,"name":"Planchar"}]},{"@type":"WebSite","@id":"https:\/\/www.fitex.it\/es\/#website","url":"https:\/\/www.fitex.it\/es\/","name":"Fitex","description":"","publisher":{"@id":"https:\/\/www.fitex.it\/es\/#organization"},"potentialAction":[{"@type":"SearchAction","target":{"@type":"EntryPoint","urlTemplate":"https:\/\/www.fitex.it\/es\/?s={search_term_string}"},"query-input":{"@type":"PropertyValueSpecification","valueRequired":true,"valueName":"search_term_string"}}],"inLanguage":"es"},{"@type":"Organization","@id":"https:\/\/www.fitex.it\/es\/#organization","name":"Fitex","url":"https:\/\/www.fitex.it\/es\/","logo":{"@type":"ImageObject","inLanguage":"es","@id":"https:\/\/www.fitex.it\/es\/#\/schema\/logo\/image\/","url":"https:\/\/fitex.it\/wp-content\/uploads\/2024\/07\/1646217215890_FITEX-20HD-20LOGO-1-scaled.jpg","contentUrl":"https:\/\/fitex.it\/wp-content\/uploads\/2024\/07\/1646217215890_FITEX-20HD-20LOGO-1-scaled.jpg","width":2560,"height":723,"caption":"Fitex"},"image":{"@id":"https:\/\/www.fitex.it\/es\/#\/schema\/logo\/image\/"}}]}},"_links":{"self":[{"href":"https:\/\/www.fitex.it\/es\/wp-json\/wp\/v2\/pages\/2543","targetHints":{"allow":["GET"]}}],"collection":[{"href":"https:\/\/www.fitex.it\/es\/wp-json\/wp\/v2\/pages"}],"about":[{"href":"https:\/\/www.fitex.it\/es\/wp-json\/wp\/v2\/types\/page"}],"author":[{"embeddable":true,"href":"https:\/\/www.fitex.it\/es\/wp-json\/wp\/v2\/users\/2"}],"replies":[{"embeddable":true,"href":"https:\/\/www.fitex.it\/es\/wp-json\/wp\/v2\/comments?post=2543"}],"version-history":[{"count":6,"href":"https:\/\/www.fitex.it\/es\/wp-json\/wp\/v2\/pages\/2543\/revisions"}],"predecessor-version":[{"id":3773,"href":"https:\/\/www.fitex.it\/es\/wp-json\/wp\/v2\/pages\/2543\/revisions\/3773"}],"wp:attachment":[{"href":"https:\/\/www.fitex.it\/es\/wp-json\/wp\/v2\/media?parent=2543"}],"curies":[{"name":"wp","href":"https:\/\/api.w.org\/{rel}","templated":true}]}}