{"id":2468,"date":"2023-09-15T08:54:01","date_gmt":"2023-09-15T06:54:01","guid":{"rendered":"https:\/\/fitex.gbsweb.online\/ricambi-macchine-da-cucire\/ricambi-pfaff\/"},"modified":"2024-02-13T09:43:29","modified_gmt":"2024-02-13T08:43:29","slug":"pieces-de-rechange-pfaff","status":"publish","type":"page","link":"https:\/\/www.fitex.it\/fr\/pieces-de-rechange-pour-machines-a-coudre\/pieces-de-rechange-pfaff\/","title":{"rendered":"Pi\u00e8ces de rechange PFAFF"},"content":{"rendered":"","protected":false},"excerpt":{"rendered":"","protected":false},"author":2,"featured_media":0,"parent":2443,"menu_order":0,"comment_status":"closed","ping_status":"closed","template":"ricambi-e-accessori.php","meta":{"_acf_changed":false,"inline_featured_image":false,"footnotes":""},"class_list":["post-2468","page","type-page","status-publish","hentry"],"acf":[],"yoast_head":"<!-- This site is optimized with the Yoast SEO Premium plugin v26.7 (Yoast SEO v27.2) - https:\/\/yoast.com\/product\/yoast-seo-premium-wordpress\/ -->\n<title>Pi\u00e8ces de rechange PFAFF - Fitex<\/title>\n<meta name=\"description\" content=\"Pi\u00e8ces de machine \u00e0 coudre et pi\u00e8ces de rechange d\u2019origine PFAFF. Contactez-nous directement au 02.95361055 \/ 02.95361056\" \/>\n<meta name=\"robots\" content=\"index, follow, max-snippet:-1, max-image-preview:large, max-video-preview:-1\" \/>\n<link rel=\"canonical\" href=\"https:\/\/www.fitex.it\/fr\/pieces-de-rechange-pour-machines-a-coudre\/pieces-de-rechange-pfaff\/\" \/>\n<meta property=\"og:locale\" content=\"fr_FR\" \/>\n<meta property=\"og:type\" content=\"article\" \/>\n<meta property=\"og:title\" content=\"Pi\u00e8ces de rechange PFAFF\" \/>\n<meta property=\"og:description\" content=\"Pi\u00e8ces de machine \u00e0 coudre et pi\u00e8ces de rechange d\u2019origine PFAFF. Contactez-nous directement au 02.95361055 \/ 02.95361056\" \/>\n<meta property=\"og:url\" content=\"https:\/\/www.fitex.it\/fr\/pieces-de-rechange-pour-machines-a-coudre\/pieces-de-rechange-pfaff\/\" \/>\n<meta property=\"og:site_name\" content=\"Fitex\" \/>\n<meta property=\"article:modified_time\" content=\"2024-02-13T08:43:29+00:00\" \/>\n<meta name=\"twitter:card\" content=\"summary_large_image\" \/>\n<script type=\"application\/ld+json\" class=\"yoast-schema-graph\">{\"@context\":\"https:\/\/schema.org\",\"@graph\":[{\"@type\":\"WebPage\",\"@id\":\"https:\/\/www.fitex.it\/fr\/pieces-de-rechange-pour-machines-a-coudre\/pieces-de-rechange-pfaff\/\",\"url\":\"https:\/\/www.fitex.it\/fr\/pieces-de-rechange-pour-machines-a-coudre\/pieces-de-rechange-pfaff\/\",\"name\":\"Pi\u00e8ces de rechange PFAFF - Fitex\",\"isPartOf\":{\"@id\":\"https:\/\/www.fitex.it\/fr\/#website\"},\"datePublished\":\"2023-09-15T06:54:01+00:00\",\"dateModified\":\"2024-02-13T08:43:29+00:00\",\"description\":\"Pi\u00e8ces de machine \u00e0 coudre et pi\u00e8ces de rechange d\u2019origine PFAFF. Contactez-nous directement au 02.95361055 \/ 02.95361056\",\"breadcrumb\":{\"@id\":\"https:\/\/www.fitex.it\/fr\/pieces-de-rechange-pour-machines-a-coudre\/pieces-de-rechange-pfaff\/#breadcrumb\"},\"inLanguage\":\"fr-FR\",\"potentialAction\":[{\"@type\":\"ReadAction\",\"target\":[\"https:\/\/www.fitex.it\/fr\/pieces-de-rechange-pour-machines-a-coudre\/pieces-de-rechange-pfaff\/\"]}]},{\"@type\":\"BreadcrumbList\",\"@id\":\"https:\/\/www.fitex.it\/fr\/pieces-de-rechange-pour-machines-a-coudre\/pieces-de-rechange-pfaff\/#breadcrumb\",\"itemListElement\":[{\"@type\":\"ListItem\",\"position\":1,\"name\":\"Home\",\"item\":\"https:\/\/www.fitex.it\/fr\/\"},{\"@type\":\"ListItem\",\"position\":2,\"name\":\"Pi\u00e8ces de rechange pour machines \u00e0 coudre\",\"item\":\"https:\/\/www.fitex.it\/fr\/pieces-de-rechange-pour-machines-a-coudre\/\"},{\"@type\":\"ListItem\",\"position\":3,\"name\":\"Pi\u00e8ces de rechange PFAFF\"}]},{\"@type\":\"WebSite\",\"@id\":\"https:\/\/www.fitex.it\/fr\/#website\",\"url\":\"https:\/\/www.fitex.it\/fr\/\",\"name\":\"Fitex\",\"description\":\"\",\"publisher\":{\"@id\":\"https:\/\/www.fitex.it\/fr\/#organization\"},\"potentialAction\":[{\"@type\":\"SearchAction\",\"target\":{\"@type\":\"EntryPoint\",\"urlTemplate\":\"https:\/\/www.fitex.it\/fr\/?s={search_term_string}\"},\"query-input\":{\"@type\":\"PropertyValueSpecification\",\"valueRequired\":true,\"valueName\":\"search_term_string\"}}],\"inLanguage\":\"fr-FR\"},{\"@type\":\"Organization\",\"@id\":\"https:\/\/www.fitex.it\/fr\/#organization\",\"name\":\"Fitex\",\"url\":\"https:\/\/www.fitex.it\/fr\/\",\"logo\":{\"@type\":\"ImageObject\",\"inLanguage\":\"fr-FR\",\"@id\":\"https:\/\/www.fitex.it\/fr\/#\/schema\/logo\/image\/\",\"url\":\"https:\/\/fitex.it\/wp-content\/uploads\/2024\/07\/1646217215890_FITEX-20HD-20LOGO-1-scaled.jpg\",\"contentUrl\":\"https:\/\/fitex.it\/wp-content\/uploads\/2024\/07\/1646217215890_FITEX-20HD-20LOGO-1-scaled.jpg\",\"width\":2560,\"height\":723,\"caption\":\"Fitex\"},\"image\":{\"@id\":\"https:\/\/www.fitex.it\/fr\/#\/schema\/logo\/image\/\"}}]}<\/script>\n<!-- \/ Yoast SEO Premium plugin. -->","yoast_head_json":{"title":"Pi\u00e8ces de rechange PFAFF - Fitex","description":"Pi\u00e8ces de machine \u00e0 coudre et pi\u00e8ces de rechange d\u2019origine PFAFF. Contactez-nous directement au 02.95361055 \/ 02.95361056","robots":{"index":"index","follow":"follow","max-snippet":"max-snippet:-1","max-image-preview":"max-image-preview:large","max-video-preview":"max-video-preview:-1"},"canonical":"https:\/\/www.fitex.it\/fr\/pieces-de-rechange-pour-machines-a-coudre\/pieces-de-rechange-pfaff\/","og_locale":"fr_FR","og_type":"article","og_title":"Pi\u00e8ces de rechange PFAFF","og_description":"Pi\u00e8ces de machine \u00e0 coudre et pi\u00e8ces de rechange d\u2019origine PFAFF. Contactez-nous directement au 02.95361055 \/ 02.95361056","og_url":"https:\/\/www.fitex.it\/fr\/pieces-de-rechange-pour-machines-a-coudre\/pieces-de-rechange-pfaff\/","og_site_name":"Fitex","article_modified_time":"2024-02-13T08:43:29+00:00","twitter_card":"summary_large_image","schema":{"@context":"https:\/\/schema.org","@graph":[{"@type":"WebPage","@id":"https:\/\/www.fitex.it\/fr\/pieces-de-rechange-pour-machines-a-coudre\/pieces-de-rechange-pfaff\/","url":"https:\/\/www.fitex.it\/fr\/pieces-de-rechange-pour-machines-a-coudre\/pieces-de-rechange-pfaff\/","name":"Pi\u00e8ces de rechange PFAFF - Fitex","isPartOf":{"@id":"https:\/\/www.fitex.it\/fr\/#website"},"datePublished":"2023-09-15T06:54:01+00:00","dateModified":"2024-02-13T08:43:29+00:00","description":"Pi\u00e8ces de machine \u00e0 coudre et pi\u00e8ces de rechange d\u2019origine PFAFF. Contactez-nous directement au 02.95361055 \/ 02.95361056","breadcrumb":{"@id":"https:\/\/www.fitex.it\/fr\/pieces-de-rechange-pour-machines-a-coudre\/pieces-de-rechange-pfaff\/#breadcrumb"},"inLanguage":"fr-FR","potentialAction":[{"@type":"ReadAction","target":["https:\/\/www.fitex.it\/fr\/pieces-de-rechange-pour-machines-a-coudre\/pieces-de-rechange-pfaff\/"]}]},{"@type":"BreadcrumbList","@id":"https:\/\/www.fitex.it\/fr\/pieces-de-rechange-pour-machines-a-coudre\/pieces-de-rechange-pfaff\/#breadcrumb","itemListElement":[{"@type":"ListItem","position":1,"name":"Home","item":"https:\/\/www.fitex.it\/fr\/"},{"@type":"ListItem","position":2,"name":"Pi\u00e8ces de rechange pour machines \u00e0 coudre","item":"https:\/\/www.fitex.it\/fr\/pieces-de-rechange-pour-machines-a-coudre\/"},{"@type":"ListItem","position":3,"name":"Pi\u00e8ces de rechange PFAFF"}]},{"@type":"WebSite","@id":"https:\/\/www.fitex.it\/fr\/#website","url":"https:\/\/www.fitex.it\/fr\/","name":"Fitex","description":"","publisher":{"@id":"https:\/\/www.fitex.it\/fr\/#organization"},"potentialAction":[{"@type":"SearchAction","target":{"@type":"EntryPoint","urlTemplate":"https:\/\/www.fitex.it\/fr\/?s={search_term_string}"},"query-input":{"@type":"PropertyValueSpecification","valueRequired":true,"valueName":"search_term_string"}}],"inLanguage":"fr-FR"},{"@type":"Organization","@id":"https:\/\/www.fitex.it\/fr\/#organization","name":"Fitex","url":"https:\/\/www.fitex.it\/fr\/","logo":{"@type":"ImageObject","inLanguage":"fr-FR","@id":"https:\/\/www.fitex.it\/fr\/#\/schema\/logo\/image\/","url":"https:\/\/fitex.it\/wp-content\/uploads\/2024\/07\/1646217215890_FITEX-20HD-20LOGO-1-scaled.jpg","contentUrl":"https:\/\/fitex.it\/wp-content\/uploads\/2024\/07\/1646217215890_FITEX-20HD-20LOGO-1-scaled.jpg","width":2560,"height":723,"caption":"Fitex"},"image":{"@id":"https:\/\/www.fitex.it\/fr\/#\/schema\/logo\/image\/"}}]}},"_links":{"self":[{"href":"https:\/\/www.fitex.it\/fr\/wp-json\/wp\/v2\/pages\/2468","targetHints":{"allow":["GET"]}}],"collection":[{"href":"https:\/\/www.fitex.it\/fr\/wp-json\/wp\/v2\/pages"}],"about":[{"href":"https:\/\/www.fitex.it\/fr\/wp-json\/wp\/v2\/types\/page"}],"author":[{"embeddable":true,"href":"https:\/\/www.fitex.it\/fr\/wp-json\/wp\/v2\/users\/2"}],"replies":[{"embeddable":true,"href":"https:\/\/www.fitex.it\/fr\/wp-json\/wp\/v2\/comments?post=2468"}],"version-history":[{"count":6,"href":"https:\/\/www.fitex.it\/fr\/wp-json\/wp\/v2\/pages\/2468\/revisions"}],"predecessor-version":[{"id":3873,"href":"https:\/\/www.fitex.it\/fr\/wp-json\/wp\/v2\/pages\/2468\/revisions\/3873"}],"up":[{"embeddable":true,"href":"https:\/\/www.fitex.it\/fr\/wp-json\/wp\/v2\/pages\/2443"}],"wp:attachment":[{"href":"https:\/\/www.fitex.it\/fr\/wp-json\/wp\/v2\/media?parent=2468"}],"curies":[{"name":"wp","href":"https:\/\/api.w.org\/{rel}","templated":true}]}}