{"id":2495,"date":"2023-09-14T15:46:16","date_gmt":"2023-09-14T13:46:16","guid":{"rendered":"https:\/\/fitex.gbsweb.online\/taglio\/taglierine-verticali\/"},"modified":"2026-03-12T11:25:08","modified_gmt":"2026-03-12T10:25:08","slug":"decoupeuses-verticales","status":"publish","type":"page","link":"https:\/\/www.fitex.it\/fr\/couper\/decoupeuses-verticales\/","title":{"rendered":"D\u00e9coupeuses verticales"},"content":{"rendered":"","protected":false},"excerpt":{"rendered":"","protected":false},"author":2,"featured_media":0,"parent":2479,"menu_order":0,"comment_status":"closed","ping_status":"closed","template":"ricambi-e-accessori.php","meta":{"_acf_changed":false,"inline_featured_image":false,"footnotes":""},"class_list":["post-2495","page","type-page","status-publish","hentry"],"acf":[],"yoast_head":"<!-- This site is optimized with the Yoast SEO Premium plugin v26.7 (Yoast SEO v27.2) - https:\/\/yoast.com\/product\/yoast-seo-premium-wordpress\/ -->\n<title>D\u00e9coupeuses verticales - Fitex<\/title>\n<meta name=\"description\" content=\"Gr\u00e2ce \u00e0 leur pr\u00e9cision, les d\u00e9coupeuses verticales permettent de r\u00e9duire les d\u00e9chets de mati\u00e8re et d\u2019am\u00e9liorer la qualit\u00e9 des produits finis.\" \/>\n<meta name=\"robots\" content=\"index, follow, max-snippet:-1, max-image-preview:large, max-video-preview:-1\" \/>\n<link rel=\"canonical\" href=\"https:\/\/www.fitex.it\/fr\/couper\/decoupeuses-verticales\/\" \/>\n<meta property=\"og:locale\" content=\"fr_FR\" \/>\n<meta property=\"og:type\" content=\"article\" \/>\n<meta property=\"og:title\" content=\"D\u00e9coupeuses verticales\" \/>\n<meta property=\"og:description\" content=\"Gr\u00e2ce \u00e0 leur pr\u00e9cision, les d\u00e9coupeuses verticales permettent de r\u00e9duire les d\u00e9chets de mati\u00e8re et d\u2019am\u00e9liorer la qualit\u00e9 des produits finis.\" \/>\n<meta property=\"og:url\" content=\"https:\/\/www.fitex.it\/fr\/couper\/decoupeuses-verticales\/\" \/>\n<meta property=\"og:site_name\" content=\"Fitex\" \/>\n<meta property=\"article:modified_time\" content=\"2026-03-12T10:25:08+00:00\" \/>\n<meta name=\"twitter:card\" content=\"summary_large_image\" \/>\n<script type=\"application\/ld+json\" class=\"yoast-schema-graph\">{\"@context\":\"https:\/\/schema.org\",\"@graph\":[{\"@type\":\"WebPage\",\"@id\":\"https:\/\/www.fitex.it\/fr\/couper\/decoupeuses-verticales\/\",\"url\":\"https:\/\/www.fitex.it\/fr\/couper\/decoupeuses-verticales\/\",\"name\":\"D\u00e9coupeuses verticales - Fitex\",\"isPartOf\":{\"@id\":\"https:\/\/www.fitex.it\/fr\/#website\"},\"datePublished\":\"2023-09-14T13:46:16+00:00\",\"dateModified\":\"2026-03-12T10:25:08+00:00\",\"description\":\"Gr\u00e2ce \u00e0 leur pr\u00e9cision, les d\u00e9coupeuses verticales permettent de r\u00e9duire les d\u00e9chets de mati\u00e8re et d\u2019am\u00e9liorer la qualit\u00e9 des produits finis.\",\"breadcrumb\":{\"@id\":\"https:\/\/www.fitex.it\/fr\/couper\/decoupeuses-verticales\/#breadcrumb\"},\"inLanguage\":\"fr-FR\",\"potentialAction\":[{\"@type\":\"ReadAction\",\"target\":[\"https:\/\/www.fitex.it\/fr\/couper\/decoupeuses-verticales\/\"]}]},{\"@type\":\"BreadcrumbList\",\"@id\":\"https:\/\/www.fitex.it\/fr\/couper\/decoupeuses-verticales\/#breadcrumb\",\"itemListElement\":[{\"@type\":\"ListItem\",\"position\":1,\"name\":\"Home\",\"item\":\"https:\/\/www.fitex.it\/fr\/\"},{\"@type\":\"ListItem\",\"position\":2,\"name\":\"Couper\",\"item\":\"https:\/\/www.fitex.it\/fr\/couper\/\"},{\"@type\":\"ListItem\",\"position\":3,\"name\":\"D\u00e9coupeuses verticales\"}]},{\"@type\":\"WebSite\",\"@id\":\"https:\/\/www.fitex.it\/fr\/#website\",\"url\":\"https:\/\/www.fitex.it\/fr\/\",\"name\":\"Fitex\",\"description\":\"\",\"publisher\":{\"@id\":\"https:\/\/www.fitex.it\/fr\/#organization\"},\"potentialAction\":[{\"@type\":\"SearchAction\",\"target\":{\"@type\":\"EntryPoint\",\"urlTemplate\":\"https:\/\/www.fitex.it\/fr\/?s={search_term_string}\"},\"query-input\":{\"@type\":\"PropertyValueSpecification\",\"valueRequired\":true,\"valueName\":\"search_term_string\"}}],\"inLanguage\":\"fr-FR\"},{\"@type\":\"Organization\",\"@id\":\"https:\/\/www.fitex.it\/fr\/#organization\",\"name\":\"Fitex\",\"url\":\"https:\/\/www.fitex.it\/fr\/\",\"logo\":{\"@type\":\"ImageObject\",\"inLanguage\":\"fr-FR\",\"@id\":\"https:\/\/www.fitex.it\/fr\/#\/schema\/logo\/image\/\",\"url\":\"https:\/\/fitex.it\/wp-content\/uploads\/2024\/07\/1646217215890_FITEX-20HD-20LOGO-1-scaled.jpg\",\"contentUrl\":\"https:\/\/fitex.it\/wp-content\/uploads\/2024\/07\/1646217215890_FITEX-20HD-20LOGO-1-scaled.jpg\",\"width\":2560,\"height\":723,\"caption\":\"Fitex\"},\"image\":{\"@id\":\"https:\/\/www.fitex.it\/fr\/#\/schema\/logo\/image\/\"}}]}<\/script>\n<!-- \/ Yoast SEO Premium plugin. -->","yoast_head_json":{"title":"D\u00e9coupeuses verticales - Fitex","description":"Gr\u00e2ce \u00e0 leur pr\u00e9cision, les d\u00e9coupeuses verticales permettent de r\u00e9duire les d\u00e9chets de mati\u00e8re et d\u2019am\u00e9liorer la qualit\u00e9 des produits finis.","robots":{"index":"index","follow":"follow","max-snippet":"max-snippet:-1","max-image-preview":"max-image-preview:large","max-video-preview":"max-video-preview:-1"},"canonical":"https:\/\/www.fitex.it\/fr\/couper\/decoupeuses-verticales\/","og_locale":"fr_FR","og_type":"article","og_title":"D\u00e9coupeuses verticales","og_description":"Gr\u00e2ce \u00e0 leur pr\u00e9cision, les d\u00e9coupeuses verticales permettent de r\u00e9duire les d\u00e9chets de mati\u00e8re et d\u2019am\u00e9liorer la qualit\u00e9 des produits finis.","og_url":"https:\/\/www.fitex.it\/fr\/couper\/decoupeuses-verticales\/","og_site_name":"Fitex","article_modified_time":"2026-03-12T10:25:08+00:00","twitter_card":"summary_large_image","schema":{"@context":"https:\/\/schema.org","@graph":[{"@type":"WebPage","@id":"https:\/\/www.fitex.it\/fr\/couper\/decoupeuses-verticales\/","url":"https:\/\/www.fitex.it\/fr\/couper\/decoupeuses-verticales\/","name":"D\u00e9coupeuses verticales - Fitex","isPartOf":{"@id":"https:\/\/www.fitex.it\/fr\/#website"},"datePublished":"2023-09-14T13:46:16+00:00","dateModified":"2026-03-12T10:25:08+00:00","description":"Gr\u00e2ce \u00e0 leur pr\u00e9cision, les d\u00e9coupeuses verticales permettent de r\u00e9duire les d\u00e9chets de mati\u00e8re et d\u2019am\u00e9liorer la qualit\u00e9 des produits finis.","breadcrumb":{"@id":"https:\/\/www.fitex.it\/fr\/couper\/decoupeuses-verticales\/#breadcrumb"},"inLanguage":"fr-FR","potentialAction":[{"@type":"ReadAction","target":["https:\/\/www.fitex.it\/fr\/couper\/decoupeuses-verticales\/"]}]},{"@type":"BreadcrumbList","@id":"https:\/\/www.fitex.it\/fr\/couper\/decoupeuses-verticales\/#breadcrumb","itemListElement":[{"@type":"ListItem","position":1,"name":"Home","item":"https:\/\/www.fitex.it\/fr\/"},{"@type":"ListItem","position":2,"name":"Couper","item":"https:\/\/www.fitex.it\/fr\/couper\/"},{"@type":"ListItem","position":3,"name":"D\u00e9coupeuses verticales"}]},{"@type":"WebSite","@id":"https:\/\/www.fitex.it\/fr\/#website","url":"https:\/\/www.fitex.it\/fr\/","name":"Fitex","description":"","publisher":{"@id":"https:\/\/www.fitex.it\/fr\/#organization"},"potentialAction":[{"@type":"SearchAction","target":{"@type":"EntryPoint","urlTemplate":"https:\/\/www.fitex.it\/fr\/?s={search_term_string}"},"query-input":{"@type":"PropertyValueSpecification","valueRequired":true,"valueName":"search_term_string"}}],"inLanguage":"fr-FR"},{"@type":"Organization","@id":"https:\/\/www.fitex.it\/fr\/#organization","name":"Fitex","url":"https:\/\/www.fitex.it\/fr\/","logo":{"@type":"ImageObject","inLanguage":"fr-FR","@id":"https:\/\/www.fitex.it\/fr\/#\/schema\/logo\/image\/","url":"https:\/\/fitex.it\/wp-content\/uploads\/2024\/07\/1646217215890_FITEX-20HD-20LOGO-1-scaled.jpg","contentUrl":"https:\/\/fitex.it\/wp-content\/uploads\/2024\/07\/1646217215890_FITEX-20HD-20LOGO-1-scaled.jpg","width":2560,"height":723,"caption":"Fitex"},"image":{"@id":"https:\/\/www.fitex.it\/fr\/#\/schema\/logo\/image\/"}}]}},"_links":{"self":[{"href":"https:\/\/www.fitex.it\/fr\/wp-json\/wp\/v2\/pages\/2495","targetHints":{"allow":["GET"]}}],"collection":[{"href":"https:\/\/www.fitex.it\/fr\/wp-json\/wp\/v2\/pages"}],"about":[{"href":"https:\/\/www.fitex.it\/fr\/wp-json\/wp\/v2\/types\/page"}],"author":[{"embeddable":true,"href":"https:\/\/www.fitex.it\/fr\/wp-json\/wp\/v2\/users\/2"}],"replies":[{"embeddable":true,"href":"https:\/\/www.fitex.it\/fr\/wp-json\/wp\/v2\/comments?post=2495"}],"version-history":[{"count":8,"href":"https:\/\/www.fitex.it\/fr\/wp-json\/wp\/v2\/pages\/2495\/revisions"}],"predecessor-version":[{"id":14208,"href":"https:\/\/www.fitex.it\/fr\/wp-json\/wp\/v2\/pages\/2495\/revisions\/14208"}],"up":[{"embeddable":true,"href":"https:\/\/www.fitex.it\/fr\/wp-json\/wp\/v2\/pages\/2479"}],"wp:attachment":[{"href":"https:\/\/www.fitex.it\/fr\/wp-json\/wp\/v2\/media?parent=2495"}],"curies":[{"name":"wp","href":"https:\/\/api.w.org\/{rel}","templated":true}]}}