{"id":2547,"date":"2023-09-15T09:19:08","date_gmt":"2023-09-15T07:19:08","guid":{"rendered":"https:\/\/fitex.gbsweb.online\/sedie-tecniche-industriali\/"},"modified":"2024-02-13T09:29:53","modified_gmt":"2024-02-13T08:29:53","slug":"nos-chaises-industrielles","status":"publish","type":"page","link":"https:\/\/www.fitex.it\/fr\/nos-chaises-industrielles\/","title":{"rendered":"Nos chaises"},"content":{"rendered":"","protected":false},"excerpt":{"rendered":"","protected":false},"author":2,"featured_media":0,"parent":0,"menu_order":0,"comment_status":"closed","ping_status":"closed","template":"ricambi-e-accessori.php","meta":{"_acf_changed":false,"inline_featured_image":false,"footnotes":""},"class_list":["post-2547","page","type-page","status-publish","hentry"],"acf":[],"yoast_head":"<!-- This site is optimized with the Yoast SEO Premium plugin v26.7 (Yoast SEO v27.2) - https:\/\/yoast.com\/product\/yoast-seo-premium-wordpress\/ -->\n<title>Nos chaises - Fitex<\/title>\n<meta name=\"description\" content=\"Nous sommes heureux de vous pr\u00e9senter nos solutions pour les si\u00e8ges professionnels. Les chaises techniques industrielles r\u00e9pondront aux besoins de ceux qui travaillent en position assise.\" \/>\n<meta name=\"robots\" content=\"index, follow, max-snippet:-1, max-image-preview:large, max-video-preview:-1\" \/>\n<link rel=\"canonical\" href=\"https:\/\/www.fitex.it\/fr\/nos-chaises-industrielles\/\" \/>\n<meta property=\"og:locale\" content=\"fr_FR\" \/>\n<meta property=\"og:type\" content=\"article\" \/>\n<meta property=\"og:title\" content=\"Nos chaises\" \/>\n<meta property=\"og:description\" content=\"Nous sommes heureux de vous pr\u00e9senter nos solutions pour les si\u00e8ges professionnels. Les chaises techniques industrielles r\u00e9pondront aux besoins de ceux qui travaillent en position assise.\" \/>\n<meta property=\"og:url\" content=\"https:\/\/www.fitex.it\/fr\/nos-chaises-industrielles\/\" \/>\n<meta property=\"og:site_name\" content=\"Fitex\" \/>\n<meta property=\"article:modified_time\" content=\"2024-02-13T08:29:53+00:00\" \/>\n<meta name=\"twitter:card\" content=\"summary_large_image\" \/>\n<script type=\"application\/ld+json\" class=\"yoast-schema-graph\">{\"@context\":\"https:\/\/schema.org\",\"@graph\":[{\"@type\":\"WebPage\",\"@id\":\"https:\/\/www.fitex.it\/fr\/nos-chaises-industrielles\/\",\"url\":\"https:\/\/www.fitex.it\/fr\/nos-chaises-industrielles\/\",\"name\":\"Nos chaises - Fitex\",\"isPartOf\":{\"@id\":\"https:\/\/www.fitex.it\/fr\/#website\"},\"datePublished\":\"2023-09-15T07:19:08+00:00\",\"dateModified\":\"2024-02-13T08:29:53+00:00\",\"description\":\"Nous sommes heureux de vous pr\u00e9senter nos solutions pour les si\u00e8ges professionnels. Les chaises techniques industrielles r\u00e9pondront aux besoins de ceux qui travaillent en position assise.\",\"breadcrumb\":{\"@id\":\"https:\/\/www.fitex.it\/fr\/nos-chaises-industrielles\/#breadcrumb\"},\"inLanguage\":\"fr-FR\",\"potentialAction\":[{\"@type\":\"ReadAction\",\"target\":[\"https:\/\/www.fitex.it\/fr\/nos-chaises-industrielles\/\"]}]},{\"@type\":\"BreadcrumbList\",\"@id\":\"https:\/\/www.fitex.it\/fr\/nos-chaises-industrielles\/#breadcrumb\",\"itemListElement\":[{\"@type\":\"ListItem\",\"position\":1,\"name\":\"Home\",\"item\":\"https:\/\/www.fitex.it\/fr\/\"},{\"@type\":\"ListItem\",\"position\":2,\"name\":\"Nos chaises\"}]},{\"@type\":\"WebSite\",\"@id\":\"https:\/\/www.fitex.it\/fr\/#website\",\"url\":\"https:\/\/www.fitex.it\/fr\/\",\"name\":\"Fitex\",\"description\":\"\",\"publisher\":{\"@id\":\"https:\/\/www.fitex.it\/fr\/#organization\"},\"potentialAction\":[{\"@type\":\"SearchAction\",\"target\":{\"@type\":\"EntryPoint\",\"urlTemplate\":\"https:\/\/www.fitex.it\/fr\/?s={search_term_string}\"},\"query-input\":{\"@type\":\"PropertyValueSpecification\",\"valueRequired\":true,\"valueName\":\"search_term_string\"}}],\"inLanguage\":\"fr-FR\"},{\"@type\":\"Organization\",\"@id\":\"https:\/\/www.fitex.it\/fr\/#organization\",\"name\":\"Fitex\",\"url\":\"https:\/\/www.fitex.it\/fr\/\",\"logo\":{\"@type\":\"ImageObject\",\"inLanguage\":\"fr-FR\",\"@id\":\"https:\/\/www.fitex.it\/fr\/#\/schema\/logo\/image\/\",\"url\":\"https:\/\/fitex.it\/wp-content\/uploads\/2024\/07\/1646217215890_FITEX-20HD-20LOGO-1-scaled.jpg\",\"contentUrl\":\"https:\/\/fitex.it\/wp-content\/uploads\/2024\/07\/1646217215890_FITEX-20HD-20LOGO-1-scaled.jpg\",\"width\":2560,\"height\":723,\"caption\":\"Fitex\"},\"image\":{\"@id\":\"https:\/\/www.fitex.it\/fr\/#\/schema\/logo\/image\/\"}}]}<\/script>\n<!-- \/ Yoast SEO Premium plugin. -->","yoast_head_json":{"title":"Nos chaises - Fitex","description":"Nous sommes heureux de vous pr\u00e9senter nos solutions pour les si\u00e8ges professionnels. Les chaises techniques industrielles r\u00e9pondront aux besoins de ceux qui travaillent en position assise.","robots":{"index":"index","follow":"follow","max-snippet":"max-snippet:-1","max-image-preview":"max-image-preview:large","max-video-preview":"max-video-preview:-1"},"canonical":"https:\/\/www.fitex.it\/fr\/nos-chaises-industrielles\/","og_locale":"fr_FR","og_type":"article","og_title":"Nos chaises","og_description":"Nous sommes heureux de vous pr\u00e9senter nos solutions pour les si\u00e8ges professionnels. Les chaises techniques industrielles r\u00e9pondront aux besoins de ceux qui travaillent en position assise.","og_url":"https:\/\/www.fitex.it\/fr\/nos-chaises-industrielles\/","og_site_name":"Fitex","article_modified_time":"2024-02-13T08:29:53+00:00","twitter_card":"summary_large_image","schema":{"@context":"https:\/\/schema.org","@graph":[{"@type":"WebPage","@id":"https:\/\/www.fitex.it\/fr\/nos-chaises-industrielles\/","url":"https:\/\/www.fitex.it\/fr\/nos-chaises-industrielles\/","name":"Nos chaises - Fitex","isPartOf":{"@id":"https:\/\/www.fitex.it\/fr\/#website"},"datePublished":"2023-09-15T07:19:08+00:00","dateModified":"2024-02-13T08:29:53+00:00","description":"Nous sommes heureux de vous pr\u00e9senter nos solutions pour les si\u00e8ges professionnels. Les chaises techniques industrielles r\u00e9pondront aux besoins de ceux qui travaillent en position assise.","breadcrumb":{"@id":"https:\/\/www.fitex.it\/fr\/nos-chaises-industrielles\/#breadcrumb"},"inLanguage":"fr-FR","potentialAction":[{"@type":"ReadAction","target":["https:\/\/www.fitex.it\/fr\/nos-chaises-industrielles\/"]}]},{"@type":"BreadcrumbList","@id":"https:\/\/www.fitex.it\/fr\/nos-chaises-industrielles\/#breadcrumb","itemListElement":[{"@type":"ListItem","position":1,"name":"Home","item":"https:\/\/www.fitex.it\/fr\/"},{"@type":"ListItem","position":2,"name":"Nos chaises"}]},{"@type":"WebSite","@id":"https:\/\/www.fitex.it\/fr\/#website","url":"https:\/\/www.fitex.it\/fr\/","name":"Fitex","description":"","publisher":{"@id":"https:\/\/www.fitex.it\/fr\/#organization"},"potentialAction":[{"@type":"SearchAction","target":{"@type":"EntryPoint","urlTemplate":"https:\/\/www.fitex.it\/fr\/?s={search_term_string}"},"query-input":{"@type":"PropertyValueSpecification","valueRequired":true,"valueName":"search_term_string"}}],"inLanguage":"fr-FR"},{"@type":"Organization","@id":"https:\/\/www.fitex.it\/fr\/#organization","name":"Fitex","url":"https:\/\/www.fitex.it\/fr\/","logo":{"@type":"ImageObject","inLanguage":"fr-FR","@id":"https:\/\/www.fitex.it\/fr\/#\/schema\/logo\/image\/","url":"https:\/\/fitex.it\/wp-content\/uploads\/2024\/07\/1646217215890_FITEX-20HD-20LOGO-1-scaled.jpg","contentUrl":"https:\/\/fitex.it\/wp-content\/uploads\/2024\/07\/1646217215890_FITEX-20HD-20LOGO-1-scaled.jpg","width":2560,"height":723,"caption":"Fitex"},"image":{"@id":"https:\/\/www.fitex.it\/fr\/#\/schema\/logo\/image\/"}}]}},"_links":{"self":[{"href":"https:\/\/www.fitex.it\/fr\/wp-json\/wp\/v2\/pages\/2547","targetHints":{"allow":["GET"]}}],"collection":[{"href":"https:\/\/www.fitex.it\/fr\/wp-json\/wp\/v2\/pages"}],"about":[{"href":"https:\/\/www.fitex.it\/fr\/wp-json\/wp\/v2\/types\/page"}],"author":[{"embeddable":true,"href":"https:\/\/www.fitex.it\/fr\/wp-json\/wp\/v2\/users\/2"}],"replies":[{"embeddable":true,"href":"https:\/\/www.fitex.it\/fr\/wp-json\/wp\/v2\/comments?post=2547"}],"version-history":[{"count":9,"href":"https:\/\/www.fitex.it\/fr\/wp-json\/wp\/v2\/pages\/2547\/revisions"}],"predecessor-version":[{"id":3840,"href":"https:\/\/www.fitex.it\/fr\/wp-json\/wp\/v2\/pages\/2547\/revisions\/3840"}],"wp:attachment":[{"href":"https:\/\/www.fitex.it\/fr\/wp-json\/wp\/v2\/media?parent=2547"}],"curies":[{"name":"wp","href":"https:\/\/api.w.org\/{rel}","templated":true}]}}